{"id":3028,"date":"2015-12-28T10:35:55","date_gmt":"2015-12-28T02:35:55","guid":{"rendered":"http:\/\/www.cemachinery.com\/pt-br\/?page_id=3028"},"modified":"2022-03-24T12:17:15","modified_gmt":"2022-03-24T04:17:15","slug":"sobre-nos","status":"publish","type":"page","link":"https:\/\/www.cemachinery.com\/pt-br\/sobre-nos\/","title":{"rendered":"Sobre n\u00f3s"},"content":{"rendered":"<p><a href=\"https:\/\/www.cemachinery.com\/wp-content\/uploads\/2017\/09\/Newbanner07-HRMY-Series-High-Speed-Coffee-Capsules-Filling-Sealing-Machine-for-Dolce-Gusto-Nespresso-and-Kcups-Capsules-Manufacture.jpg\"><img decoding=\"async\" class=\"alignnone wp-image-5639 size-large\" src=\"https:\/\/www.cemachinery.com\/wp-content\/uploads\/2017\/09\/Newbanner07-HRMY-Series-High-Speed-Coffee-Capsules-Filling-Sealing-Machine-for-Dolce-Gusto-Nespresso-and-Kcups-Capsules-Manufacture-1024x394.jpg\" alt=\"Newbanner07-HRMY-Series-High-Speed-Coffee-Capsules-Filling-Sealing-Machine-for-Dolce-Gusto-Nespresso-and-Kcups-Capsules-Manufacture\" width=\"1024\" height=\"394\" srcset=\"https:\/\/www.cemachinery.com\/wp-content\/uploads\/2017\/09\/Newbanner07-HRMY-Series-High-Speed-Coffee-Capsules-Filling-Sealing-Machine-for-Dolce-Gusto-Nespresso-and-Kcups-Capsules-Manufacture-1024x394.jpg 1024w, https:\/\/www.cemachinery.com\/wp-content\/uploads\/2017\/09\/Newbanner07-HRMY-Series-High-Speed-Coffee-Capsules-Filling-Sealing-Machine-for-Dolce-Gusto-Nespresso-and-Kcups-Capsules-Manufacture-300x115.jpg 300w, https:\/\/www.cemachinery.com\/wp-content\/uploads\/2017\/09\/Newbanner07-HRMY-Series-High-Speed-Coffee-Capsules-Filling-Sealing-Machine-for-Dolce-Gusto-Nespresso-and-Kcups-Capsules-Manufacture-768x295.jpg 768w, https:\/\/www.cemachinery.com\/wp-content\/uploads\/2017\/09\/Newbanner07-HRMY-Series-High-Speed-Coffee-Capsules-Filling-Sealing-Machine-for-Dolce-Gusto-Nespresso-and-Kcups-Capsules-Manufacture.jpg 1170w\" sizes=\"(max-width: 1024px) 100vw, 1024px\" \/><\/a><\/p>\n<p><a href=\"https:\/\/www.cemachinery.com\/wp-content\/uploads\/2017\/09\/Banner04-Rotary-Type-Coffee-Capsules-Filling-Sealing-Machine-for-Kcup-Lavazza-Nespresso-Manufacture.jpg\"><img decoding=\"async\" class=\"alignnone size-large wp-image-5050\" src=\"https:\/\/www.cemachinery.com\/wp-content\/uploads\/2017\/09\/Banner04-Rotary-Type-Coffee-Capsules-Filling-Sealing-Machine-for-Kcup-Lavazza-Nespresso-Manufacture-1024x394.jpg\" alt=\"Banner04-Rotary-Type-Coffee-Capsules-Filling-Sealing-Machine-for-Kcup-Lavazza-Nespresso-Manufacture\" width=\"1024\" height=\"394\" srcset=\"https:\/\/www.cemachinery.com\/wp-content\/uploads\/2017\/09\/Banner04-Rotary-Type-Coffee-Capsules-Filling-Sealing-Machine-for-Kcup-Lavazza-Nespresso-Manufacture-1024x394.jpg 1024w, https:\/\/www.cemachinery.com\/wp-content\/uploads\/2017\/09\/Banner04-Rotary-Type-Coffee-Capsules-Filling-Sealing-Machine-for-Kcup-Lavazza-Nespresso-Manufacture-300x115.jpg 300w, https:\/\/www.cemachinery.com\/wp-content\/uploads\/2017\/09\/Banner04-Rotary-Type-Coffee-Capsules-Filling-Sealing-Machine-for-Kcup-Lavazza-Nespresso-Manufacture-768x295.jpg 768w, https:\/\/www.cemachinery.com\/wp-content\/uploads\/2017\/09\/Banner04-Rotary-Type-Coffee-Capsules-Filling-Sealing-Machine-for-Kcup-Lavazza-Nespresso-Manufacture.jpg 1170w\" sizes=\"(max-width: 1024px) 100vw, 1024px\" \/><\/a><\/p>\n<p>Romiter Machinery Co., Ltd. \u00e9 um designer l\u00edder de mercado e um fabricante de caf\u00e9 de enchimento de c\u00e1psulas de selagem m\u00e1quinas, bem como m\u00e1quinas de embalagem para a ind\u00fastria de alimentos e bebidas.<\/p>\n<p><a href=\"https:\/\/www.cemachinery.com\/wp-content\/uploads\/2017\/09\/Newbanner06-HRML-Series-High-Speed-Coffee-Capsules-Filling-Sealing-Machine-for-Docle-Gusto-Nespresso-and-Kcups-Manufacture.jpg\"><img decoding=\"async\" class=\"alignnone size-large wp-image-5638\" src=\"https:\/\/www.cemachinery.com\/wp-content\/uploads\/2017\/09\/Newbanner06-HRML-Series-High-Speed-Coffee-Capsules-Filling-Sealing-Machine-for-Docle-Gusto-Nespresso-and-Kcups-Manufacture-1024x394.jpg\" alt=\"Newbanner06-HRML-Series-High-Speed-Coffee-Capsules-Filling-Sealing-Machine-for-Docle-Gusto-Nespresso-and-Kcups-Manufacture\" width=\"1024\" height=\"394\" srcset=\"https:\/\/www.cemachinery.com\/wp-content\/uploads\/2017\/09\/Newbanner06-HRML-Series-High-Speed-Coffee-Capsules-Filling-Sealing-Machine-for-Docle-Gusto-Nespresso-and-Kcups-Manufacture-1024x394.jpg 1024w, https:\/\/www.cemachinery.com\/wp-content\/uploads\/2017\/09\/Newbanner06-HRML-Series-High-Speed-Coffee-Capsules-Filling-Sealing-Machine-for-Docle-Gusto-Nespresso-and-Kcups-Manufacture-300x115.jpg 300w, https:\/\/www.cemachinery.com\/wp-content\/uploads\/2017\/09\/Newbanner06-HRML-Series-High-Speed-Coffee-Capsules-Filling-Sealing-Machine-for-Docle-Gusto-Nespresso-and-Kcups-Manufacture-768x295.jpg 768w, https:\/\/www.cemachinery.com\/wp-content\/uploads\/2017\/09\/Newbanner06-HRML-Series-High-Speed-Coffee-Capsules-Filling-Sealing-Machine-for-Docle-Gusto-Nespresso-and-Kcups-Manufacture.jpg 1170w\" sizes=\"(max-width: 1024px) 100vw, 1024px\" \/><\/a>\u00a0<a href=\"https:\/\/www.cemachinery.com\/wp-content\/uploads\/2017\/09\/Banner03-Linear-Type-RML-Coffee-Capsules-Filling-Sealing-Machine-for-Nespresso-Kcup-Lavazza-Manufacture.jpg\"><img decoding=\"async\" class=\"alignnone size-large wp-image-5051\" src=\"https:\/\/www.cemachinery.com\/wp-content\/uploads\/2017\/09\/Banner03-Linear-Type-RML-Coffee-Capsules-Filling-Sealing-Machine-for-Nespresso-Kcup-Lavazza-Manufacture-1024x394.jpg\" alt=\"\" width=\"1024\" height=\"394\" srcset=\"https:\/\/www.cemachinery.com\/wp-content\/uploads\/2017\/09\/Banner03-Linear-Type-RML-Coffee-Capsules-Filling-Sealing-Machine-for-Nespresso-Kcup-Lavazza-Manufacture-1024x394.jpg 1024w, https:\/\/www.cemachinery.com\/wp-content\/uploads\/2017\/09\/Banner03-Linear-Type-RML-Coffee-Capsules-Filling-Sealing-Machine-for-Nespresso-Kcup-Lavazza-Manufacture-300x115.jpg 300w, https:\/\/www.cemachinery.com\/wp-content\/uploads\/2017\/09\/Banner03-Linear-Type-RML-Coffee-Capsules-Filling-Sealing-Machine-for-Nespresso-Kcup-Lavazza-Manufacture-768x295.jpg 768w, https:\/\/www.cemachinery.com\/wp-content\/uploads\/2017\/09\/Banner03-Linear-Type-RML-Coffee-Capsules-Filling-Sealing-Machine-for-Nespresso-Kcup-Lavazza-Manufacture.jpg 1170w\" sizes=\"(max-width: 1024px) 100vw, 1024px\" \/><\/a><\/p>\n<p>Romiter Machinery ganha grande reputa\u00e7\u00e3o para os produtos com alta efici\u00eancia, confiabilidade excelente, de f\u00e1cil manuten\u00e7\u00e3o e longa vida \u00fatil. Romiter tem uma excelente equipe de suporte t\u00e9cnico, incluindo operadores de m\u00e1quinas altamente experientes e t\u00e9cnicos de servi\u00e7o. Todas as nossas m\u00e1quinas equipar com componentes de marcas confi\u00e1veis, como Airtac, Festo, Leuze, Siemens, Mitsubishi, Delta, Omron, etc .. Isso nos permite oferecer aos nossos clientes com alta qualidade cont\u00ednua e state-of-the-art c\u00e1psulas de caf\u00e9 de embalagens equipamentos a pre\u00e7os competitivos.<\/p>\n<p><a href=\"https:\/\/www.cemachinery.com\/wp-content\/uploads\/2017\/09\/Banner01-Semi-Automatic-Coffee-Capsules-Filling-Sealing-Machine-for-Nespresso-Kcup-Lavazza-Manufacture.jpg\"><img decoding=\"async\" class=\"alignnone size-large wp-image-5048\" src=\"https:\/\/www.cemachinery.com\/wp-content\/uploads\/2017\/09\/Banner01-Semi-Automatic-Coffee-Capsules-Filling-Sealing-Machine-for-Nespresso-Kcup-Lavazza-Manufacture-1024x394.jpg\" alt=\"\" width=\"1024\" height=\"394\" srcset=\"https:\/\/www.cemachinery.com\/wp-content\/uploads\/2017\/09\/Banner01-Semi-Automatic-Coffee-Capsules-Filling-Sealing-Machine-for-Nespresso-Kcup-Lavazza-Manufacture-1024x394.jpg 1024w, https:\/\/www.cemachinery.com\/wp-content\/uploads\/2017\/09\/Banner01-Semi-Automatic-Coffee-Capsules-Filling-Sealing-Machine-for-Nespresso-Kcup-Lavazza-Manufacture-300x115.jpg 300w, https:\/\/www.cemachinery.com\/wp-content\/uploads\/2017\/09\/Banner01-Semi-Automatic-Coffee-Capsules-Filling-Sealing-Machine-for-Nespresso-Kcup-Lavazza-Manufacture-768x295.jpg 768w, https:\/\/www.cemachinery.com\/wp-content\/uploads\/2017\/09\/Banner01-Semi-Automatic-Coffee-Capsules-Filling-Sealing-Machine-for-Nespresso-Kcup-Lavazza-Manufacture.jpg 1170w\" sizes=\"(max-width: 1024px) 100vw, 1024px\" \/><\/a><\/p>\n<p><a href=\"https:\/\/www.cemachinery.com\/wp-content\/uploads\/2017\/09\/Banner05-Manual-Coffee-Capsules-Sealing-Machin-Semi-Automatic-Coffee-Capsule-Sealing-Machine-Manufacture.jpg\"><img decoding=\"async\" class=\"alignnone size-large wp-image-5049\" src=\"https:\/\/www.cemachinery.com\/wp-content\/uploads\/2017\/09\/Banner05-Manual-Coffee-Capsules-Sealing-Machin-Semi-Automatic-Coffee-Capsule-Sealing-Machine-Manufacture-1024x394.jpg\" alt=\"\" width=\"1024\" height=\"394\" srcset=\"https:\/\/www.cemachinery.com\/wp-content\/uploads\/2017\/09\/Banner05-Manual-Coffee-Capsules-Sealing-Machin-Semi-Automatic-Coffee-Capsule-Sealing-Machine-Manufacture-1024x394.jpg 1024w, https:\/\/www.cemachinery.com\/wp-content\/uploads\/2017\/09\/Banner05-Manual-Coffee-Capsules-Sealing-Machin-Semi-Automatic-Coffee-Capsule-Sealing-Machine-Manufacture-300x115.jpg 300w, https:\/\/www.cemachinery.com\/wp-content\/uploads\/2017\/09\/Banner05-Manual-Coffee-Capsules-Sealing-Machin-Semi-Automatic-Coffee-Capsule-Sealing-Machine-Manufacture-768x295.jpg 768w, https:\/\/www.cemachinery.com\/wp-content\/uploads\/2017\/09\/Banner05-Manual-Coffee-Capsules-Sealing-Machin-Semi-Automatic-Coffee-Capsule-Sealing-Machine-Manufacture.jpg 1170w\" sizes=\"(max-width: 1024px) 100vw, 1024px\" \/><\/a><\/p>\n<p>O nosso servi\u00e7o, profissionalismo, experi\u00eancia e especializa\u00e7\u00e3o ganharam um grande n\u00famero de clientes satisfeitos, ganharam-nos a sua confian\u00e7a e nos deu a credibilidade para trabalhar com v\u00e1rias empresas &#8212; grandes e pequenos, em toda a \u00e1rea do Oriente M\u00e9dio, Norte e Am\u00e9rica do Sul, Europa, Oceania, \u00c1sia e \u00c1frica, etc ..<\/p>\n<p><a href=\"https:\/\/www.cemachinery.com\/wp-content\/uploads\/2017\/09\/Banner02-Empty-Nespresso-Capsule-Cup-and-Aluminium-Lid-Manufacture.jpg\"><img decoding=\"async\" class=\"alignnone size-large wp-image-5052\" src=\"https:\/\/www.cemachinery.com\/wp-content\/uploads\/2017\/09\/Banner02-Empty-Nespresso-Capsule-Cup-and-Aluminium-Lid-Manufacture-1024x394.jpg\" alt=\"\" width=\"1024\" height=\"394\" srcset=\"https:\/\/www.cemachinery.com\/wp-content\/uploads\/2017\/09\/Banner02-Empty-Nespresso-Capsule-Cup-and-Aluminium-Lid-Manufacture-1024x394.jpg 1024w, https:\/\/www.cemachinery.com\/wp-content\/uploads\/2017\/09\/Banner02-Empty-Nespresso-Capsule-Cup-and-Aluminium-Lid-Manufacture-300x115.jpg 300w, https:\/\/www.cemachinery.com\/wp-content\/uploads\/2017\/09\/Banner02-Empty-Nespresso-Capsule-Cup-and-Aluminium-Lid-Manufacture-768x295.jpg 768w, https:\/\/www.cemachinery.com\/wp-content\/uploads\/2017\/09\/Banner02-Empty-Nespresso-Capsule-Cup-and-Aluminium-Lid-Manufacture.jpg 1170w\" sizes=\"(max-width: 1024px) 100vw, 1024px\" \/><\/a><\/p>\n<p>Enchimento e veda\u00e7\u00e3o da m\u00e1quina Certifica\u00e7\u00e3o CE para a Europa mercado, o Cliente n\u00e3o precisa se preocupar com a importa\u00e7\u00e3o<\/p>\n<p>Romiter Grupo fornece uma solu\u00e7\u00e3o de selagem de enchimento e embalagem completa, que inclui mas n\u00e3o est\u00e1 limitado a:<\/p>\n<ol>\n<li><span style=\"color: #0000ff; font-family: verdana,geneva;\"><a style=\"color: #0000ff;\" href=\"https:\/\/www.cemachinery.com\/full-automatic-coffee-capsule-filling-sealing-machine-for-k-cup-nespresso-coffee\/\">Nespresso Coffee Capsule Filling and Sealing Machines<\/a><\/span><\/li>\n<li><span style=\"color: #0000ff; font-family: verdana,geneva;\"><a style=\"color: #0000ff;\" href=\"https:\/\/www.cemachinery.com\/k-cup-coffee-capsule-filling-sealing-machine\/\">K-Cup Coffee Capsule Filling Sealing Machines<\/a><\/span><\/li>\n<li><span style=\"color: #0000ff; font-family: verdana,geneva;\"><a style=\"color: #0000ff;\" href=\"https:\/\/www.cemachinery.com\/full-automatic-coffee-capsule-filling-sealing-machine-for-k-cup-nespresso-coffee\/\">Rotary Type Nespresso Coffee Capsule Filling Sealing Machines<\/a><\/span><\/li>\n<li><span style=\"color: #0000ff; font-family: verdana,geneva;\"><a style=\"color: #0000ff;\" href=\"https:\/\/www.cemachinery.com\/nespresso-coffee-capsule-filling-sealing-machine\/\">Rotary Type K-Cup Coffee Capsule Filling Sealing Machine<\/a><\/span><\/li>\n<li><span style=\"color: #0000ff; font-family: verdana,geneva;\"><a style=\"color: #0000ff;\" href=\"https:\/\/www.cemachinery.com\/horizontal-type-coffee-pod-filling-sealing-machine\/\">Coffee Pods Filling and Sealing Machines<\/a><\/span><\/li>\n<li><span style=\"color: #0000ff; font-family: verdana,geneva;\"><a style=\"color: #0000ff;\" href=\"https:\/\/www.cemachinery.com\/semi-automatic-coffee-capsule-filling-sealing-machine-for-nespresso-k-cup-lavazza\/\">Rotary Type Coffee Pods Filling and Sealing Machines<\/a><\/span><\/li>\n<li><span style=\"color: #0000ff; font-family: verdana,geneva;\"><a style=\"color: #0000ff;\" href=\"www.cemachinery.com\/plastic-coffee-capsule-for-sale\/\">Coffee Related Machine and Material<\/a><\/span><\/li>\n<li><span style=\"color: #0000ff; font-family: verdana,geneva;\"><a style=\"color: #0000ff;\" href=\"https:\/\/www.cemachinery.com\/semi-automatic-coffee-capsule-sealing-machine\/\">Semi-auto Filling Sealing Capping Machines<\/a><\/span><\/li>\n<li><span style=\"color: #0000ff; font-family: verdana,geneva;\"><a style=\"color: #0000ff;\" href=\"https:\/\/www.cemachinery.com\/clipping-machine\/\">Net Bag Clipping Machine<\/a><\/span><\/li>\n<\/ol>\n<p><span style=\"font-family: verdana,geneva;\">Romiter Group can provide customized products for customers. Welcome to contact with us for more information.<\/span><\/p>\n<p>&nbsp;<\/p>\n<p>Facebook Page:<\/p>\n<p><a href=\"https:\/\/www.facebook.com\/NespressoCapsuleFillingSealingMachine\/\" rel=\"nofollow\">https:\/\/www.facebook.com\/NespressoCapsuleFillingSealingMachine\/<\/a><\/p>\n<p><a href=\"https:\/\/www.facebook.com\/kcupmachine\/\" rel=\"nofollow\">https:\/\/www.facebook.com\/kcupmachine\/<\/a><\/p>\n<p><a href=\"https:\/\/www.facebook.com\/LavazzaAModoMioFillingSealingMachine\/\" rel=\"nofollow\">https:\/\/www.facebook.com\/LavazzaAModoMioFillingSealingMachine\/<\/a><\/p>\n<p><a href=\"https:\/\/www.facebook.com\/CoffeeCapsulesFillingSealingMachines\" rel=\"nofollow\">https:\/\/www.facebook.com\/CoffeeCapsulesFillingSealingMachines<\/a><\/p>\n<p><a href=\"https:\/\/www.facebook.com\/NescafeDolceGustoMachine\/\" rel=\"nofollow\">https:\/\/www.facebook.com\/NescafeDolceGustoMachine\/<\/a><\/p>\n<p><a href=\"https:\/\/www.facebook.com\/thermoformingpackingmachine\/\" rel=\"nofollow\">https:\/\/www.facebook.com\/thermoformingpackingmachine\/<\/a><\/p>\n<p>&nbsp;<\/p>\n<h2>Welcome to Contact Us<\/h2>\n\n<div class=\"wpcf7 no-js\" id=\"wpcf7-f99-o1\" lang=\"zh-CN\" dir=\"ltr\" data-wpcf7-id=\"99\">\n<div class=\"screen-reader-response\"><p role=\"status\" aria-live=\"polite\" aria-atomic=\"true\"><\/p> <ul><\/ul><\/div>\n<form action=\"\/pt-br\/wp-json\/wp\/v2\/pages\/3028#wpcf7-f99-o1\" method=\"post\" class=\"wpcf7-form init\" aria-label=\"\u7559\u8a00\u8868\u5355\" novalidate=\"novalidate\" data-status=\"init\">\n<fieldset class=\"hidden-fields-container\"><input type=\"hidden\" name=\"_wpcf7\" value=\"99\" \/><input type=\"hidden\" name=\"_wpcf7_version\" value=\"6.1.5\" \/><input type=\"hidden\" name=\"_wpcf7_locale\" value=\"zh_CN\" \/><input type=\"hidden\" name=\"_wpcf7_unit_tag\" value=\"wpcf7-f99-o1\" \/><input type=\"hidden\" name=\"_wpcf7_container_post\" value=\"0\" \/><input type=\"hidden\" name=\"_wpcf7_posted_data_hash\" value=\"\" \/>\n<\/fieldset>\n<p>Please enter your contact information and the details you want to know about our product.\n<\/p>\n<p>Your Name (required)\n<\/p>\n<p><span class=\"wpcf7-form-control-wrap\" data-name=\"your-name\"><input size=\"40\" maxlength=\"400\" class=\"wpcf7-form-control wpcf7-text wpcf7-validates-as-required\" aria-required=\"true\" aria-invalid=\"false\" value=\"\" type=\"text\" name=\"your-name\" \/><\/span>\n<\/p>\n<p>Your Email (required)\n<\/p>\n<p><span class=\"wpcf7-form-control-wrap\" data-name=\"your-email\"><input size=\"40\" maxlength=\"400\" class=\"wpcf7-form-control wpcf7-email wpcf7-validates-as-required wpcf7-text wpcf7-validates-as-email\" aria-required=\"true\" aria-invalid=\"false\" value=\"\" type=\"email\" name=\"your-email\" \/><\/span>\n<\/p>\n<p>WhatsApp\n<\/p>\n<p><span class=\"wpcf7-form-control-wrap\" data-name=\"your-whatsapp\"><input size=\"40\" maxlength=\"400\" class=\"wpcf7-form-control wpcf7-text\" id=\"your-whatsapp\" aria-invalid=\"false\" placeholder=\"Your WhatsApp ID with Country Code\" value=\"\" type=\"text\" name=\"your-whatsapp\" \/><\/span>\n<\/p>\n<p>Country\n<\/p>\n<p><span class=\"wpcf7-form-control-wrap\" data-name=\"your-country\"><input size=\"40\" maxlength=\"400\" class=\"wpcf7-form-control wpcf7-text\" aria-invalid=\"false\" placeholder=\"Tell us Your Country\" value=\"\" type=\"text\" name=\"your-country\" \/><\/span>\n<\/p>\n<p>Subject\n<\/p>\n<p><span class=\"wpcf7-form-control-wrap\" data-name=\"your-subject\"><input size=\"40\" maxlength=\"400\" class=\"wpcf7-form-control wpcf7-text\" aria-invalid=\"false\" value=\"\" type=\"text\" name=\"your-subject\" \/><\/span>\n<\/p>\n<p>Your Message\n<\/p>\n<p><span class=\"wpcf7-form-control-wrap\" data-name=\"your-message\"><textarea cols=\"40\" rows=\"10\" maxlength=\"2000\" class=\"wpcf7-form-control wpcf7-textarea\" aria-invalid=\"false\" placeholder=\"please specify your detail requirement here\" name=\"your-message\"><\/textarea><\/span>\n<\/p>\n<p><input class=\"wpcf7-form-control wpcf7-submit has-spinner\" type=\"submit\" value=\"Send\" \/>\n<\/p><p style=\"display: none !important;\" class=\"akismet-fields-container\" data-prefix=\"_wpcf7_ak_\"><label>&#916;<textarea name=\"_wpcf7_ak_hp_textarea\" cols=\"45\" rows=\"8\" maxlength=\"100\"><\/textarea><\/label><input type=\"hidden\" id=\"ak_js_1\" name=\"_wpcf7_ak_js\" value=\"84\"\/><script>document.getElementById( \"ak_js_1\" ).setAttribute( \"value\", ( new Date() ).getTime() );<\/script><\/p><div class=\"wpcf7-response-output\" aria-hidden=\"true\"><\/div>\n<\/form>\n<\/div>\n\n","protected":false},"excerpt":{"rendered":"<p>Romiter Machinery Co., Ltd. \u00e9 um designer l\u00edder de mercado e um fabricante de caf\u00e9 de enchimento de c\u00e1psulas de selagem m\u00e1quinas, bem como m\u00e1quinas de embalagem para a ind\u00fastria de alimentos e bebidas. \u00a0 Romiter Machinery ganha grande reputa\u00e7\u00e3o para os produtos com alta efici\u00eancia, confiabilidade excelente, de f\u00e1cil manuten\u00e7\u00e3o e longa vida \u00fatil. Romiter tem uma excelente equipe de suporte t\u00e9cnico, incluindo operadores de m\u00e1quinas altamente experientes e t\u00e9cnicos de servi\u00e7o. Todas as nossas m\u00e1quinas equipar com componentes de marcas confi\u00e1veis, como Airtac, Festo, Leuze, Siemens, Mitsubishi, Delta, Omron, etc .. Isso nos permite oferecer aos nossos clientes com alta qualidade cont\u00ednua e state-of-the-art c\u00e1psulas de caf\u00e9 de embalagens equipamentos a pre\u00e7os competitivos. O nosso servi\u00e7o, profissionalismo, experi\u00eancia e especializa\u00e7\u00e3o ganharam um grande n\u00famero de clientes satisfeitos, ganharam-nos a sua confian\u00e7a e nos deu a credibilidade para trabalhar com v\u00e1rias empresas &#8212; grandes e pequenos, em toda a \u00e1rea do Oriente M\u00e9dio, Norte e Am\u00e9rica do Sul, Europa, &#8230;<\/p>\n","protected":false},"author":2,"featured_media":0,"parent":0,"menu_order":0,"comment_status":"open","ping_status":"open","template":"","meta":{"footnotes":""},"class_list":["post-3028","page","type-page","status-publish","hentry"],"aioseo_notices":[],"jetpack_sharing_enabled":true,"_links":{"self":[{"href":"https:\/\/www.cemachinery.com\/pt-br\/wp-json\/wp\/v2\/pages\/3028","targetHints":{"allow":["GET"]}}],"collection":[{"href":"https:\/\/www.cemachinery.com\/pt-br\/wp-json\/wp\/v2\/pages"}],"about":[{"href":"https:\/\/www.cemachinery.com\/pt-br\/wp-json\/wp\/v2\/types\/page"}],"author":[{"embeddable":true,"href":"https:\/\/www.cemachinery.com\/pt-br\/wp-json\/wp\/v2\/users\/2"}],"replies":[{"embeddable":true,"href":"https:\/\/www.cemachinery.com\/pt-br\/wp-json\/wp\/v2\/comments?post=3028"}],"version-history":[{"count":0,"href":"https:\/\/www.cemachinery.com\/pt-br\/wp-json\/wp\/v2\/pages\/3028\/revisions"}],"wp:attachment":[{"href":"https:\/\/www.cemachinery.com\/pt-br\/wp-json\/wp\/v2\/media?parent=3028"}],"curies":[{"name":"wp","href":"https:\/\/api.w.org\/{rel}","templated":true}]}}